{"id":957,"date":"2014-02-04T14:25:19","date_gmt":"2014-02-04T13:25:19","guid":{"rendered":"http:\/\/ighum.de\/wordpress\/?page_id=957"},"modified":"2026-03-07T15:42:45","modified_gmt":"2026-03-07T14:42:45","slug":"termine","status":"publish","type":"page","link":"http:\/\/ighum.de\/wordpress\/termine\/","title":{"rendered":"Termine"},"content":{"rendered":"<hr>\n<p>&nbsp;<\/p>\n<table class=\"aligncenter\" style=\"width: 100%;\" border=\"0\" cellspacing=\"2\" cellpadding=\"1\" align=\"center\">\n<tbody>\n<tr>\n<td style=\"width: 14.1379%;\"><strong>Datum<\/strong><\/td>\n<td style=\"width: 54.1293%;\"><strong>Termin-Information<\/strong><\/td>\n<\/tr>\n<tr>\n<td style=\"width: 14.1379%;\">19.03.26<\/td>\n<td style=\"width: 54.1293%;\">Generalversammlung, 19 Uhr<\/td>\n<\/tr>\n<tr>\n<td style=\"width: 14.1379%;\">21.03.26<\/td>\n<td style=\"width: 54.1293%;\">Hunderallye<\/td>\n<\/tr>\n<tr>\n<td style=\"width: 14.1379%;\">24.10.26<\/td>\n<td style=\"width: 54.1293%;\">Herbstliches Beisammensein<\/td>\n<\/tr>\n<tr>\n<td style=\"width: 14.1379%;\">19.12.26<\/td>\n<td style=\"width: 54.1293%;\">Winterwanderung<\/td>\n<\/tr>\n<\/tbody>\n<\/table>\n<hr>\n<p>Zu allen Terminen und Events findet ihr aktuelle Informationen auf der Webseite oder bekommt sie per WhatsApp in den Gruppen des Vereins.<\/p>\n<h4><span style=\"text-decoration: underline;\">Sonntagswanderungen<br \/>\n<\/span><\/h4>\n<p>Hallo, ihr Lieben!<br \/>\nGern m\u00f6chten wir euch zu den Wanderterminen 2026 einladen:<\/p>\n<ul style=\"list-style-type: square;\">\n<li>15.03.26<\/li>\n<li>19.04.26<\/li>\n<li>21.06.26<\/li>\n<li>12.07.26<\/li>\n<li>16.08.26<\/li>\n<li>25.10.26<\/li>\n<\/ul>\n<p>Informationen zum Wanderungsbeginn am jeweiligen Datum, Treffpunkt und Dauer erhaltet ihr in der Woche vor dem betreffenden Termin.<\/p>\n<p>Viele Gr\u00fc\u00dfe,<br \/>\nAnnette und Nadja<\/p>\n<h4><span style=\"text-decoration: underline;\">Arbeitseins\u00e4tze 2026<br \/>\n<\/span><\/h4>\n<ul>\n<li>18.04.26<\/li>\n<li>05.09.26<\/li>\n<li>17.10.26<\/li>\n<li>14.11.26<\/li>\n<li>19.12.26<\/li>\n<\/ul>\n<p>Arbeitseinsatz <strong>&#8222;Vereinsheim putzen&#8220;<\/strong>. Jeden Monat suchen wir 1-2 Mitglieder, die unser Vereinsheim putzen.<\/p>\n<p>Liste liegt im Vereinsheim aus.<\/p>\n<hr>\n<p><em>Bitte teilen Sie uns mit, wann Sie an einem Arbeitseinsatz teilnehmen. Die Arbeitseins\u00e4tze von zur Zeit 3 Stunden finden samstags von 09:30 bist 12:30 Uhr statt und k\u00f6nnen auf mehrere Samstage aufgeteilt werden. Nat\u00fcrlich k\u00f6nnen Sie Ihren Partner mitbringen und sich die Arbeitszeit teilen. Die Dienste beim Sommerfest gelten ebenfalls als Arbeitseinsatz.<\/em><\/p>\n<p><em>Sollten wir von Ihnen keine R\u00fcckmeldung erhalten, gehen wir davon aus, dass Sie f\u00fcr die nicht geleisteten Arbeitsstunden einen Obolus von zur Zeit 8,- \u20ac pro Stunde entrichten m\u00f6chten.<\/em><\/p>\n","protected":false},"excerpt":{"rendered":"<p>&nbsp; Datum Termin-Information 19.03.26 Generalversammlung, 19 Uhr 21.03.26 Hunderallye 24.10.26 Herbstliches Beisammensein 19.12.26 Winterwanderung Zu allen Terminen und Events findet ihr aktuelle Informationen auf der Webseite oder bekommt sie per WhatsApp in den Gruppen des Vereins. Sonntagswanderungen Hallo, ihr Lieben! Gern m\u00f6chten wir euch zu den Wanderterminen 2026 einladen: 15.03.26 19.04.26 21.06.26 12.07.26 16.08.26 25.10.26 Informationen zum Wanderungsbeginn am jeweiligen Datum, Treffpunkt und Dauer erhaltet ihr in der Woche vor dem betreffenden Termin. Viele Gr\u00fc\u00dfe, Annette und Nadja Arbeitseins\u00e4tze 2026 18.04.26 05.09.26 17.10.26 14.11.26 19.12.26 Arbeitseinsatz &#8222;Vereinsheim putzen&#8220;. Jeden Monat suchen wir 1-2 Mitglieder, die unser Vereinsheim putzen. Liste liegt im Vereinsheim aus. Bitte teilen Sie uns mit, wann Sie an einem Arbeitseinsatz teilnehmen. Die Arbeitseins\u00e4tze von zur Zeit 3 Stunden finden samstags von 09:30 bist 12:30 Uhr statt und k\u00f6nnen auf mehrere Samstage aufgeteilt werden. Nat\u00fcrlich k\u00f6nnen Sie Ihren Partner mitbringen und sich die Arbeitszeit teilen. Die Dienste beim Sommerfest gelten ebenfalls als Arbeitseinsatz. Sollten wir von Ihnen keine R\u00fcckmeldung erhalten, gehen wir davon aus, dass Sie f\u00fcr die nicht geleisteten Arbeitsstunden einen Obolus von zur Zeit 8,- \u20ac pro Stunde entrichten m\u00f6chten.<\/p>\n","protected":false},"author":10,"featured_media":0,"parent":0,"menu_order":7,"comment_status":"closed","ping_status":"closed","template":"","meta":{"ngg_post_thumbnail":0,"_links_to":"","_links_to_target":""},"_links":{"self":[{"href":"http:\/\/ighum.de\/wordpress\/wp-json\/wp\/v2\/pages\/957"}],"collection":[{"href":"http:\/\/ighum.de\/wordpress\/wp-json\/wp\/v2\/pages"}],"about":[{"href":"http:\/\/ighum.de\/wordpress\/wp-json\/wp\/v2\/types\/page"}],"author":[{"embeddable":true,"href":"http:\/\/ighum.de\/wordpress\/wp-json\/wp\/v2\/users\/10"}],"replies":[{"embeddable":true,"href":"http:\/\/ighum.de\/wordpress\/wp-json\/wp\/v2\/comments?post=957"}],"version-history":[{"count":86,"href":"http:\/\/ighum.de\/wordpress\/wp-json\/wp\/v2\/pages\/957\/revisions"}],"predecessor-version":[{"id":1595,"href":"http:\/\/ighum.de\/wordpress\/wp-json\/wp\/v2\/pages\/957\/revisions\/1595"}],"wp:attachment":[{"href":"http:\/\/ighum.de\/wordpress\/wp-json\/wp\/v2\/media?parent=957"}],"curies":[{"name":"wp","href":"https:\/\/api.w.org\/{rel}","templated":true}]}}