{"id":881,"date":"2013-08-25T10:29:23","date_gmt":"2013-08-25T08:29:23","guid":{"rendered":"http:\/\/ighum.de\/wordpress\/?page_id=881"},"modified":"2024-04-17T12:57:56","modified_gmt":"2024-04-17T10:57:56","slug":"auf-einen-blick","status":"publish","type":"page","link":"http:\/\/ighum.de\/wordpress\/angebote\/auf-einen-blick\/","title":{"rendered":"Auf einen Blick &#8230;"},"content":{"rendered":"<p><img decoding=\"async\" loading=\"lazy\" class=\"size-full wp-image-690 aligncenter\" src=\"http:\/\/ighum.de\/wordpress\/wp-content\/uploads\/2013\/08\/dreierreihe.png\" alt=\"Bild\" width=\"453\" height=\"120\" srcset=\"http:\/\/ighum.de\/wordpress\/wp-content\/uploads\/2013\/08\/dreierreihe.png 453w, http:\/\/ighum.de\/wordpress\/wp-content\/uploads\/2013\/08\/dreierreihe-300x79.png 300w\" sizes=\"(max-width: 453px) 100vw, 453px\" \/><\/p>\n<h3>&nbsp;<\/h3>\n<div align=\"center\">\n<table style=\"width: 96.6555%;\" border=\"1\" width=\"660\" cellspacing=\"0\" cellpadding=\"0\" align=\"center\" bgcolor=\"#799EBF\">\n<tbody>\n<tr>\n<td style=\"width: 23.4043%;\">\n<h3 style=\"text-align: left;\"><strong>Angebot<\/strong><\/h3>\n<\/td>\n<td style=\"width: 40.4255%;\">\n<h3><strong>Termin<\/strong><\/h3>\n<\/td>\n<td style=\"width: 35.7143%;\">\n<h3><strong>Kontakt <\/strong><\/h3>\n<\/td>\n<\/tr>\n<tr>\n<td style=\"width: 23.4043%;\">&nbsp;<a title=\"Welpenstunde\" href=\"http:\/\/ighum.de\/wordpress\/angebote\/welpen\/\">Welpenstunde<\/a><\/td>\n<td style=\"width: 40.4255%;\">&nbsp;Samstags, 14:00 &#8211; 15:00 Uhr<\/td>\n<td style=\"width: 35.7143%;\">B\u00e4rbel K\u00fchne &#8211; Festnetz: 06181 \/ 661 816<\/td>\n<\/tr>\n<tr>\n<td style=\"width: 23.4043%;\">&nbsp;<a title=\"Junghundstunde\" href=\"http:\/\/ighum.de\/wordpress\/angebote\/juhu\/\">Junghundstunde<\/a><\/td>\n<td style=\"width: 40.4255%;\">&nbsp;Samstags, 15:00 &#8211; 16:00 Uhr<\/td>\n<td style=\"width: 35.7143%;\">Daniela Schweer &#8211; <em>Handy: 0179 535 25 91<\/em><br \/>\nNadja Mundhenke &#8211; <em>Handy: 0177 33 88 360<br \/>\n<\/em><\/td>\n<\/tr>\n<tr>\n<td style=\"width: 23.4043%;\">&nbsp;<a title=\"Orientierungsgruppe\" href=\"http:\/\/ighum.de\/wordpress\/angebote\/orientierungsgruppe\/\">Orientierungsgruppe<\/a><\/td>\n<td style=\"width: 40.4255%;\">Samstags, in zwei Gruppen<\/p>\n<ol>\n<li>Gruppe 14:00 \u2013 14.45 Uhr<\/li>\n<li>Gruppe 14.45 Uhr bis 15.30 Uhr<\/li>\n<\/ol>\n<p>Gruppeneinteilung erfolgt \u00fcber die Ausbilder<\/td>\n<td style=\"width: 35.7143%;\">Beate St\u00f6hr &#8211; <em>Handy: 0178 5238 444<\/em><br \/>\nNadja Mundhenke &#8211; <em>Handy: 0177 33 88 360<\/em><br \/>\nSabine Simon &#8211; Handy: 0175 62 47 300<br \/>\nAnette R\u00fchl &#8211; <em>Handy:<\/em> 0163 1874 250<\/td>\n<\/tr>\n<tr>\n<td style=\"width: 23.4043%;\">&nbsp;<a title=\"Trickdogging\" href=\"http:\/\/ighum.de\/wordpress\/angebote\/trickdogging\/\">Trickdogging<\/a><\/td>\n<td style=\"width: 40.4255%;\">&nbsp;W\u00f6chentliche Treffen nach Absprache<\/td>\n<td style=\"width: 35.7143%;\">Michaela Stenger &#8211; <em>Handy: 0173 58 005 83<\/em><br \/>\nAnette R\u00fchl &#8211; <em>Handy: 0163 18 74 250<\/em><\/td>\n<\/tr>\n<tr>\n<td style=\"width: 23.4043%;\">&nbsp;<a title=\"Formationsgruppe\" href=\"http:\/\/ighum.de\/wordpress\/angebote\/formationsgruppe\/\">Formationsgruppe<\/a><\/td>\n<td style=\"width: 40.4255%;\">Sommerzeit: Montags, 19:00 \u2013 20:00 Uhr<br \/>\nWinterzeit: Montags, 18.30 \u2013 19.30 Uhr<\/td>\n<td style=\"width: 35.7143%;\">Sabine Simon &#8211; Handy: 0175 62 47 300<br \/>\nAnette R\u00fchl &#8211; Handy: 0163 18 74 250<\/td>\n<\/tr>\n<tr>\n<td style=\"width: 23.4043%;\">&nbsp;<a title=\"Agility\" href=\"http:\/\/ighum.de\/wordpress\/angebote\/links\/\">Agility<\/a><\/td>\n<td style=\"width: 40.4255%;\">Derzeit nur f\u00fcr bereits eingetretene Mitglieder aufgrund langer Wartelisten.<\/td>\n<td style=\"width: 35.7143%;\">Annika Holzgreve<br \/>\nPatricia Seifert<\/p>\n<p>Kontakt \u00fcber:<br \/>\n<a href=\"mailto:ighundundmensch@gmx.net\">ighundundmensch@gmx.net<\/a><\/td>\n<\/tr>\n<tr>\n<td style=\"width: 23.4043%;\">&nbsp;<a title=\"Sozialstunde\" href=\"http:\/\/ighum.de\/wordpress\/angebote\/sozialstunde\/\">Sozialstunde<\/a><\/td>\n<td style=\"width: 40.4255%;\">Derzeit nicht im Angebot<\/td>\n<td style=\"width: 35.7143%;\">&nbsp;&#8212;<\/td>\n<\/tr>\n<\/tbody>\n<\/table>\n<\/div>\n","protected":false},"excerpt":{"rendered":"<p>&nbsp; Angebot Termin Kontakt &nbsp;Welpenstunde &nbsp;Samstags, 14:00 &#8211; 15:00 Uhr B\u00e4rbel K\u00fchne &#8211; Festnetz: 06181 \/ 661 816 &nbsp;Junghundstunde &nbsp;Samstags, 15:00 &#8211; 16:00 Uhr Daniela Schweer &#8211; Handy: 0179 535 25 91 Nadja Mundhenke &#8211; Handy: 0177 33 88 360 &nbsp;Orientierungsgruppe Samstags, in zwei Gruppen Gruppe 14:00 \u2013 14.45 Uhr Gruppe 14.45 Uhr bis 15.30 Uhr Gruppeneinteilung erfolgt \u00fcber die Ausbilder Beate St\u00f6hr &#8211; Handy: 0178 5238 444 Nadja Mundhenke &#8211; Handy: 0177 33 88 360 Sabine Simon &#8211; Handy: 0175 62 47 300 Anette R\u00fchl &#8211; Handy: 0163 1874 250 &nbsp;Trickdogging &nbsp;W\u00f6chentliche Treffen nach Absprache Michaela Stenger &#8211; Handy: 0173 58 005 83 Anette R\u00fchl &#8211; Handy: 0163 18 74 250 &nbsp;Formationsgruppe Sommerzeit: Montags, 19:00 \u2013 20:00 Uhr Winterzeit: Montags, 18.30 \u2013 19.30 Uhr Sabine Simon &#8211; Handy: 0175 62 47 300 Anette R\u00fchl &#8211; Handy: 0163 18 74 250 &nbsp;Agility Derzeit nur f\u00fcr bereits eingetretene Mitglieder aufgrund langer Wartelisten. Annika Holzgreve Patricia Seifert Kontakt \u00fcber: ighundundmensch@gmx.net &nbsp;Sozialstunde Derzeit nicht im Angebot &nbsp;&#8212;<\/p>\n","protected":false},"author":10,"featured_media":0,"parent":547,"menu_order":21,"comment_status":"closed","ping_status":"closed","template":"","meta":{"ngg_post_thumbnail":0,"_links_to":"","_links_to_target":""},"_links":{"self":[{"href":"http:\/\/ighum.de\/wordpress\/wp-json\/wp\/v2\/pages\/881"}],"collection":[{"href":"http:\/\/ighum.de\/wordpress\/wp-json\/wp\/v2\/pages"}],"about":[{"href":"http:\/\/ighum.de\/wordpress\/wp-json\/wp\/v2\/types\/page"}],"author":[{"embeddable":true,"href":"http:\/\/ighum.de\/wordpress\/wp-json\/wp\/v2\/users\/10"}],"replies":[{"embeddable":true,"href":"http:\/\/ighum.de\/wordpress\/wp-json\/wp\/v2\/comments?post=881"}],"version-history":[{"count":19,"href":"http:\/\/ighum.de\/wordpress\/wp-json\/wp\/v2\/pages\/881\/revisions"}],"predecessor-version":[{"id":1487,"href":"http:\/\/ighum.de\/wordpress\/wp-json\/wp\/v2\/pages\/881\/revisions\/1487"}],"up":[{"embeddable":true,"href":"http:\/\/ighum.de\/wordpress\/wp-json\/wp\/v2\/pages\/547"}],"wp:attachment":[{"href":"http:\/\/ighum.de\/wordpress\/wp-json\/wp\/v2\/media?parent=881"}],"curies":[{"name":"wp","href":"https:\/\/api.w.org\/{rel}","templated":true}]}}