{"id":598,"date":"2013-07-17T11:57:22","date_gmt":"2013-07-17T09:57:22","guid":{"rendered":"http:\/\/ighum.de\/wordpress\/?page_id=598"},"modified":"2024-04-17T13:03:11","modified_gmt":"2024-04-17T11:03:11","slug":"links","status":"publish","type":"page","link":"http:\/\/ighum.de\/wordpress\/angebote\/links\/","title":{"rendered":"Agility"},"content":{"rendered":"<p align=\"center\"><img decoding=\"async\" loading=\"lazy\" src=\"http:\/\/ighum.de\/wordpress\/wp-content\/uploads\/2013\/08\/agility03.jpg\" alt=\"Agility\" width=\"150\" height=\"120\">&nbsp;&nbsp; <img decoding=\"async\" loading=\"lazy\" src=\"http:\/\/ighum.de\/wordpress\/wp-content\/uploads\/2013\/08\/agility02.jpg\" alt=\"Agility\" width=\"150\" height=\"120\"> &nbsp; <img decoding=\"async\" loading=\"lazy\" src=\"http:\/\/ighum.de\/wordpress\/wp-content\/uploads\/2013\/08\/agility011.jpg\" alt=\"Agility\" width=\"150\" height=\"120\"><\/p>\n<h3 style=\"text-align: center;\">Agility<\/h3>\n<p>Agility ist eine rasante Hundesportart aus England, die sich mittlerweile gro\u00dfer Beliebtheit erfreut.<br \/>\nHierbei durchl\u00e4uft der Hund m\u00f6glichst schnell und fehlerfrei einen Hindernissparcour, durch den er ohne Leine und nur durch die K\u00f6rpersprache und die Stimme seines Hundef\u00fchrers geleitet wird.<\/p>\n<p>Die Reihenfolge der Hindernisse ist hierbei variabel, somit entsteht jedes Mal ein neuer Parcours, der Hund und Hundef\u00fchrer erneut vor Herausforderungen stellt.<br \/>\nIm Training erarbeiten wir die verschiedenen Ger\u00e4te zuerst einzeln und kombinieren sie sp\u00e4ter im Parcours. Gleichzeitig erproben wir in sogenannten &#8222;Jumpings&#8220; (Parcoure ohne Gro\u00dfger\u00e4te) welche &#8222;Wegbeschreibungen&#8220; der Hund braucht und wie Mensch diese klar und an den richtigen Positionen geben kann. Schnell entwickelt sich dabei eine individuelle F\u00fchrtechnik, die dann weiter optimiert wird. Die Schwierigkeit des Parcours wird dem jeweiligen Hund-Mensch-Team angepasst.<\/p>\n<p>Es gilt: Der Hund hat immer Recht! Er orientiert sich lediglich an der Parcoursf\u00fchrung seines Hundef\u00fchrers. Korrekturen sind daher unn\u00f6tig und kontraproduktiv. Daher arbeiten wir im Agility rein mit positiver Best\u00e4rkung in Form von Leckelie oder Spielzeug.<br \/>\nUnser Agility-Training wird nicht in gro\u00dfen Turnierlaufbahnen enden. Turnierstarts sind bei uns aufgrund der Unabh\u00e4ngigkeit unseres Vereines von Dachverb\u00e4nden nicht m\u00f6glich. Wir sind ernsthaft bei der Sache, aber nicht verbissen. Agility bei der IG Hund und Mensch ist ein Angebot, bei dem Spa\u00df am Sport und der Gemeinschaft im Vordergrund steht. Die Praxis ist uns der beste Lehrer.<\/p>\n<p>Im Laufe der letzten Jahre haben wir das Agilityangebot bei uns auf solide Beine gestellt \u2013 Durch Motivation, Aufmerksamkeit und Experimentierfreude bei allen Teilnehmern.<\/p>\n<p><em>Ausbilder:<\/em> Annika Holzgreve, Patricia Seifert<\/p>\n","protected":false},"excerpt":{"rendered":"<p>&nbsp;&nbsp; &nbsp; Agility Agility ist eine rasante Hundesportart aus England, die sich mittlerweile gro\u00dfer Beliebtheit erfreut. Hierbei durchl\u00e4uft der Hund m\u00f6glichst schnell und fehlerfrei einen Hindernissparcour, durch den er ohne Leine und nur durch die K\u00f6rpersprache und die Stimme seines Hundef\u00fchrers geleitet wird. Die Reihenfolge der Hindernisse ist hierbei variabel, somit entsteht jedes Mal ein neuer Parcours, der Hund und Hundef\u00fchrer erneut vor Herausforderungen stellt. Im Training erarbeiten wir die verschiedenen Ger\u00e4te zuerst einzeln und kombinieren sie sp\u00e4ter im Parcours. Gleichzeitig erproben wir in sogenannten &#8222;Jumpings&#8220; (Parcoure ohne Gro\u00dfger\u00e4te) welche &#8222;Wegbeschreibungen&#8220; der Hund braucht und wie Mensch diese klar und an den richtigen Positionen geben kann. Schnell entwickelt sich dabei eine individuelle F\u00fchrtechnik, die dann weiter optimiert wird. Die Schwierigkeit des Parcours wird dem jeweiligen Hund-Mensch-Team angepasst. Es gilt: Der Hund hat immer Recht! Er orientiert sich lediglich an der Parcoursf\u00fchrung seines Hundef\u00fchrers. Korrekturen sind daher unn\u00f6tig und kontraproduktiv. Daher arbeiten wir im Agility rein mit positiver Best\u00e4rkung in Form von Leckelie oder Spielzeug. Unser Agility-Training wird nicht in gro\u00dfen Turnierlaufbahnen enden. Turnierstarts sind bei uns aufgrund der Unabh\u00e4ngigkeit unseres Vereines von Dachverb\u00e4nden nicht m\u00f6glich. Wir sind ernsthaft bei der Sache, aber nicht verbissen. Agility bei der IG Hund und Mensch ist ein Angebot, bei dem Spa\u00df am Sport und der Gemeinschaft im Vordergrund steht. Die Praxis ist uns der beste Lehrer. Im Laufe der letzten Jahre haben wir das Agilityangebot bei uns auf solide Beine gestellt \u2013 Durch Motivation, Aufmerksamkeit und Experimentierfreude bei allen Teilnehmern. Ausbilder: Annika Holzgreve, Patricia&#8230;.<\/p>\n","protected":false},"author":10,"featured_media":0,"parent":547,"menu_order":27,"comment_status":"closed","ping_status":"closed","template":"","meta":{"ngg_post_thumbnail":0,"_links_to":"","_links_to_target":""},"_links":{"self":[{"href":"http:\/\/ighum.de\/wordpress\/wp-json\/wp\/v2\/pages\/598"}],"collection":[{"href":"http:\/\/ighum.de\/wordpress\/wp-json\/wp\/v2\/pages"}],"about":[{"href":"http:\/\/ighum.de\/wordpress\/wp-json\/wp\/v2\/types\/page"}],"author":[{"embeddable":true,"href":"http:\/\/ighum.de\/wordpress\/wp-json\/wp\/v2\/users\/10"}],"replies":[{"embeddable":true,"href":"http:\/\/ighum.de\/wordpress\/wp-json\/wp\/v2\/comments?post=598"}],"version-history":[{"count":14,"href":"http:\/\/ighum.de\/wordpress\/wp-json\/wp\/v2\/pages\/598\/revisions"}],"predecessor-version":[{"id":1493,"href":"http:\/\/ighum.de\/wordpress\/wp-json\/wp\/v2\/pages\/598\/revisions\/1493"}],"up":[{"embeddable":true,"href":"http:\/\/ighum.de\/wordpress\/wp-json\/wp\/v2\/pages\/547"}],"wp:attachment":[{"href":"http:\/\/ighum.de\/wordpress\/wp-json\/wp\/v2\/media?parent=598"}],"curies":[{"name":"wp","href":"https:\/\/api.w.org\/{rel}","templated":true}]}}