{"id":574,"date":"2013-07-17T11:54:57","date_gmt":"2013-07-17T09:54:57","guid":{"rendered":"http:\/\/ighum.de\/wordpress\/?page_id=574"},"modified":"2013-08-25T10:45:05","modified_gmt":"2013-08-25T08:45:05","slug":"vereinsleben","status":"publish","type":"page","link":"http:\/\/ighum.de\/wordpress\/vereinsleben\/","title":{"rendered":"Vereinsleben"},"content":{"rendered":"<p><img decoding=\"async\" loading=\"lazy\" class=\"size-full wp-image-690 aligncenter\" alt=\"Bild\" src=\"http:\/\/ighum.de\/wordpress\/wp-content\/uploads\/2013\/08\/dreierreihe.png\" width=\"453\" height=\"120\" srcset=\"http:\/\/ighum.de\/wordpress\/wp-content\/uploads\/2013\/08\/dreierreihe.png 453w, http:\/\/ighum.de\/wordpress\/wp-content\/uploads\/2013\/08\/dreierreihe-300x79.png 300w\" sizes=\"(max-width: 453px) 100vw, 453px\" \/><\/p>\n<p>Ein Verein lebt f\u00fcr und von seinen Mitgliedern. Von ihrem Engagement h\u00e4ngt das Gelingen und das Wachsen des Vereins und seine Entwicklung hinsichlich des satzunggegebenen Vereinsgedanken ab. Schon seit jeher spielen Vereine somit eine gro\u00dfe Rolle im sozialen Gef\u00fcge unserer Gesellschaft und bereichern diese durch den Grundsatz des Ehrenamts.<\/p>\n<p>So gilt auch bei der IG Hund und Mensch das jedes Vereinsmitglied zum gro\u00dfen Ganzen geh\u00f6rt und seinen Teil im Rahmen der M\u00f6glichkeiten leistet. Zur Mitgliedschaft geh\u00f6ren somit auch j\u00e4hrlich vier Arbeitstunden zur Pflege von Gel\u00e4nde und H\u00fctte, um alles gut in Schuss zu halten.<\/p>\n<p>Wir verstehen uns als Hundeverein, nicht als Hundeschule &#8211; hier gibt es keine Kunden, sondern Mitglieder.<\/p>\n<p>Jedoch gilt auch &#8211; Geselligkeit und &#8222;Vereinsmeierei&#8220; nur soviel wie jeder mag &#8230;<\/p>\n<p>Auf den n\u00e4chsten Seiten m\u00f6chten wir dar\u00fcber informieren, was Vereinsleben bei der IG Hund und Mensch bedeuten kann&#8230;<\/p>\n<p>&nbsp;<\/p>\n","protected":false},"excerpt":{"rendered":"<p>Ein Verein lebt f\u00fcr und von seinen Mitgliedern. Von ihrem Engagement h\u00e4ngt das Gelingen und das Wachsen des Vereins und seine Entwicklung hinsichlich des satzunggegebenen Vereinsgedanken ab. Schon seit jeher spielen Vereine somit eine gro\u00dfe Rolle im sozialen Gef\u00fcge unserer Gesellschaft und bereichern diese durch den Grundsatz des Ehrenamts. So gilt auch bei der IG Hund und Mensch das jedes Vereinsmitglied zum gro\u00dfen Ganzen geh\u00f6rt und seinen Teil im Rahmen der M\u00f6glichkeiten leistet. Zur Mitgliedschaft geh\u00f6ren somit auch j\u00e4hrlich vier Arbeitstunden zur Pflege von Gel\u00e4nde und H\u00fctte, um alles gut in Schuss zu halten. Wir verstehen uns als Hundeverein, nicht als Hundeschule &#8211; hier gibt es keine Kunden, sondern Mitglieder. Jedoch gilt auch &#8211; Geselligkeit und &#8222;Vereinsmeierei&#8220; nur soviel wie jeder mag &#8230; Auf den n\u00e4chsten Seiten m\u00f6chten wir dar\u00fcber informieren, was Vereinsleben bei der IG Hund und Mensch bedeuten kann&#8230; &nbsp;<\/p>\n","protected":false},"author":10,"featured_media":0,"parent":0,"menu_order":3,"comment_status":"closed","ping_status":"closed","template":"","meta":{"ngg_post_thumbnail":0,"_links_to":"","_links_to_target":""},"_links":{"self":[{"href":"http:\/\/ighum.de\/wordpress\/wp-json\/wp\/v2\/pages\/574"}],"collection":[{"href":"http:\/\/ighum.de\/wordpress\/wp-json\/wp\/v2\/pages"}],"about":[{"href":"http:\/\/ighum.de\/wordpress\/wp-json\/wp\/v2\/types\/page"}],"author":[{"embeddable":true,"href":"http:\/\/ighum.de\/wordpress\/wp-json\/wp\/v2\/users\/10"}],"replies":[{"embeddable":true,"href":"http:\/\/ighum.de\/wordpress\/wp-json\/wp\/v2\/comments?post=574"}],"version-history":[{"count":5,"href":"http:\/\/ighum.de\/wordpress\/wp-json\/wp\/v2\/pages\/574\/revisions"}],"predecessor-version":[{"id":885,"href":"http:\/\/ighum.de\/wordpress\/wp-json\/wp\/v2\/pages\/574\/revisions\/885"}],"wp:attachment":[{"href":"http:\/\/ighum.de\/wordpress\/wp-json\/wp\/v2\/media?parent=574"}],"curies":[{"name":"wp","href":"https:\/\/api.w.org\/{rel}","templated":true}]}}