{"id":562,"date":"2013-07-17T11:53:35","date_gmt":"2013-07-17T09:53:35","guid":{"rendered":"http:\/\/ighum.de\/wordpress\/?page_id=562"},"modified":"2013-08-25T10:23:04","modified_gmt":"2013-08-25T08:23:04","slug":"trickdogging","status":"publish","type":"page","link":"http:\/\/ighum.de\/wordpress\/angebote\/trickdogging\/","title":{"rendered":"Trickdogging"},"content":{"rendered":"<p align=\"center\"><img decoding=\"async\" loading=\"lazy\" alt=\"\" src=\"http:\/\/ighum.de\/wordpress\/wp-content\/uploads\/2013\/08\/trick01.jpg\" width=\"150\" height=\"120\" \/> \u00a0 <img decoding=\"async\" loading=\"lazy\" alt=\"\" src=\"http:\/\/ighum.de\/wordpress\/wp-content\/uploads\/2013\/08\/trick02.jpg\" width=\"150\" height=\"120\" \/> \u00a0 <img decoding=\"async\" loading=\"lazy\" alt=\"\" src=\"http:\/\/ighum.de\/wordpress\/wp-content\/uploads\/2013\/08\/trick03.jpg\" width=\"150\" height=\"120\" \/><\/p>\n<h3 style=\"text-align: center;\">W\u00f6chentliche Treffen nach Absprache<\/h3>\n<p><strong>Trickdogging\u00a0\u00a0 \u2013\u00a0\u00a0 Was ist das??<\/strong><br \/>\nSeit 2011 sind wir bei der IG Hund und Mensch fest im Trickdogging-Fieber. Hierberi dreht sich alles um Kunstst\u00fccke und Tricks, die man einem Hund beibringen kann \u2013 kurz gesagt: Wir wollen Spa\u00df zusammen mit unseren Hunden haben!<\/p>\n<p>Nebenbei\u00a0 festigt Trickdogging die Bindung von Hund und Mensch. Es ist weiterhin eine sinnvolle, intelligente und k\u00f6rperschonende\u00a0 Auslastung f\u00fcr den Hund, wobei es keine Regeln und Grenzen gibt. Ob Socke ausziehen, Schl\u00fcssel bringen, sich zudecken oder einen Wagen schieben \u2013 erlaubt ist, was gef\u00e4llt und Hund und Mensch Spa\u00df macht. Gerade bei schlechtem Wetter ist Trickdogging ideal als geistige Auslastung f\u00fcr den Hund.<br \/>\nDas Ein\u00fcben von Tricks macht den Hund auch zu einem guten Helfer im Haushalt oder bringt Telefon oder die Fernbedienung.<\/p>\n<p>Wer einmal\u00a0 Spa\u00df an Trickdogging gefunden hat, der kommt nicht mehr davon los.<\/p>\n<p style=\"text-align: left;\" align=\"center\">Wir\u00a0 treffen uns regelm\u00e4\u00dfig in einer fest bestehenden Gruppe auf dem Hundeplatz, um neue Tricks auszuprobieren und auszutauschen. Zuhause wird dann nat\u00fcrlich flei\u00dfig weiterge\u00fcbt.<\/p>\n<p><em>Ausbilder: <\/em><a title=\"Ausbilderin: Michaela Stenger\" href=\"http:\/\/ighum.de\/wordpress\/ausbilderin-michaela-stenger\/\">Michaela Stenger<\/a>, <a title=\"Ausbilderin: Anette R\u00fchl\" href=\"http:\/\/ighum.de\/wordpress\/ausbilderin-anette-ruhl\/\">Anette R\u00fchl<\/a><\/p>\n","protected":false},"excerpt":{"rendered":"<p>\u00a0 \u00a0 W\u00f6chentliche Treffen nach Absprache Trickdogging\u00a0\u00a0 \u2013\u00a0\u00a0 Was ist das?? Seit 2011 sind wir bei der IG Hund und Mensch fest im Trickdogging-Fieber. Hierberi dreht sich alles um Kunstst\u00fccke und Tricks, die man einem Hund beibringen kann \u2013 kurz gesagt: Wir wollen Spa\u00df zusammen mit unseren Hunden haben! Nebenbei\u00a0 festigt Trickdogging die Bindung von Hund und Mensch. Es ist weiterhin eine sinnvolle, intelligente und k\u00f6rperschonende\u00a0 Auslastung f\u00fcr den Hund, wobei es keine Regeln und Grenzen gibt. Ob Socke ausziehen, Schl\u00fcssel bringen, sich zudecken oder einen Wagen schieben \u2013 erlaubt ist, was gef\u00e4llt und Hund und Mensch Spa\u00df macht. Gerade bei schlechtem Wetter ist Trickdogging ideal als geistige Auslastung f\u00fcr den Hund. Das Ein\u00fcben von Tricks macht den Hund auch zu einem guten Helfer im Haushalt oder bringt Telefon oder die Fernbedienung. Wer einmal\u00a0 Spa\u00df an Trickdogging gefunden hat, der kommt nicht mehr davon los. Wir\u00a0 treffen uns regelm\u00e4\u00dfig in einer fest bestehenden Gruppe auf dem Hundeplatz, um neue Tricks auszuprobieren und auszutauschen. Zuhause wird dann nat\u00fcrlich flei\u00dfig weiterge\u00fcbt. Ausbilder: Michaela Stenger, Anette R\u00fchl<\/p>\n","protected":false},"author":10,"featured_media":0,"parent":547,"menu_order":25,"comment_status":"closed","ping_status":"closed","template":"","meta":{"ngg_post_thumbnail":0,"_links_to":"","_links_to_target":""},"_links":{"self":[{"href":"http:\/\/ighum.de\/wordpress\/wp-json\/wp\/v2\/pages\/562"}],"collection":[{"href":"http:\/\/ighum.de\/wordpress\/wp-json\/wp\/v2\/pages"}],"about":[{"href":"http:\/\/ighum.de\/wordpress\/wp-json\/wp\/v2\/types\/page"}],"author":[{"embeddable":true,"href":"http:\/\/ighum.de\/wordpress\/wp-json\/wp\/v2\/users\/10"}],"replies":[{"embeddable":true,"href":"http:\/\/ighum.de\/wordpress\/wp-json\/wp\/v2\/comments?post=562"}],"version-history":[{"count":6,"href":"http:\/\/ighum.de\/wordpress\/wp-json\/wp\/v2\/pages\/562\/revisions"}],"predecessor-version":[{"id":877,"href":"http:\/\/ighum.de\/wordpress\/wp-json\/wp\/v2\/pages\/562\/revisions\/877"}],"up":[{"embeddable":true,"href":"http:\/\/ighum.de\/wordpress\/wp-json\/wp\/v2\/pages\/547"}],"wp:attachment":[{"href":"http:\/\/ighum.de\/wordpress\/wp-json\/wp\/v2\/media?parent=562"}],"curies":[{"name":"wp","href":"https:\/\/api.w.org\/{rel}","templated":true}]}}