{"id":556,"date":"2013-07-17T11:52:49","date_gmt":"2013-07-17T09:52:49","guid":{"rendered":"http:\/\/ighum.de\/wordpress\/?page_id=556"},"modified":"2024-04-17T13:01:25","modified_gmt":"2024-04-17T11:01:25","slug":"orientierungsgruppe","status":"publish","type":"page","link":"http:\/\/ighum.de\/wordpress\/angebote\/orientierungsgruppe\/","title":{"rendered":"Orientierungsgruppe"},"content":{"rendered":"<p align=\"center\"><img decoding=\"async\" loading=\"lazy\" src=\"http:\/\/ighum.de\/wordpress\/wp-content\/uploads\/2013\/09\/orien03.jpg\" alt=\"Orientierungsstunde\" width=\"150\" height=\"120\"> &nbsp; <img decoding=\"async\" loading=\"lazy\" src=\"http:\/\/ighum.de\/wordpress\/wp-content\/uploads\/2013\/09\/orien02.jpg\" alt=\"Orientierungsstunde\" width=\"150\" height=\"120\">&nbsp;&nbsp; <img decoding=\"async\" loading=\"lazy\" src=\"http:\/\/ighum.de\/wordpress\/wp-content\/uploads\/2013\/09\/orien01.jpg\" alt=\"Orientierungsstunde\" width=\"150\" height=\"120\"><\/p>\n<h3 style=\"text-align: center;\">Orientierungsgruppe<\/h3>\n<h4 style=\"text-align: center;\"><b>Samstags 14:00 &#8211; 15:00 Uhr<\/b><\/h4>\n<p>Samstags, in zwei Gruppen<\/p>\n<ol>\n<li>Gruppe 14:00 \u2013 14.45 Uhr<\/li>\n<li>Gruppe 14.45 Uhr bis 15.30 Uhr<\/li>\n<\/ol>\n<p>Gruppeneinteilung erfolgt \u00fcber die Ausbilder<\/p>\n<p>Unsere Aufgaben in der Orientierungsgruppe sind neben der F\u00f6rderung der Bindung zwischen Hund und Hundef\u00fchrer, die Regeln f\u00fcr das Zusammenleben und die Bed\u00fcrfnisse des Hundes zur Grundlage der Erziehung zu machen.<\/p>\n<p>Um sich dem Hund, in einer f\u00fcr ihn verst\u00e4ndlichen Weise, vermitteln zu k\u00f6nnen, ist daher ein fundiertes Wissen \u00fcber das Wesen des Hundes, seine grundlegenden Bed\u00fcrfnisse und seines hochentwickelten Kommunikationssystems erforderlich.<br \/>\nDieses Ziel wird durch aufmerksamkeitsf\u00f6rdernde \u00dcbungen (Fu\u00df gehen, arbeiten in Formationen, Abrufen mit und ohne Ablenkung) mit zur Hilfenahme von positiven Verst\u00e4rkern (Leckerli, Spielzeug, verbales Lob) vermittelt. Gleichzeitig \u00fcben wir das Lesen der K\u00f6rpersprache der Hunde, sowie den richtigen Zeitpunkt zu loben oder zu korrigieren. Auch Gehorsamsspiele erfreuen sich wachsender Beliebtheit und f\u00f6rdern jeweils die Aufmerksamkeit von Hund und Hundef\u00fchrer, sowie die schnelle Umsetzung eines Kommandos. So wird dem eventuell bei Hund und Hundef\u00fchrer aufkommenden Stress entgegengewirkt. Die Halter bekommen selbstverst\u00e4ndlich auch theoretisches Wissen zu Fragen bei der weiteren Erziehung, Haltung usw. vermittelt<\/p>\n<p>Bevor die Hunde weiter in die Ausbildung gehen, sollten sie schon die ersten H\u00f6rzeichen k\u00f6nnen, sich neutral gegen\u00fcber fremden Menschen, anderen Hunden, Radfahrern und Joggern verhalten und bei Begr\u00fc\u00dfungen nicht Hochspringen.<br \/>\nDer Halter sollte im normalen Ton seinen Hund motivieren k\u00f6nnen. Er sollte richtig loben, korrigieren und mit dem Hund spielen k\u00f6nnen, sowie theoretisches Wissen erworben haben, um seinen Hund ruhig und selbstsicher f\u00fchren zu k\u00f6nnen. Dar\u00fcber hinaus sollte er die K\u00f6rpersprache des Hundes verstehen. Den Haltern dies alles zu vermitteln ist Aufgabe der Orientierungsgruppe.<\/p>\n<p><em>Ausbilder: <\/em><a href=\"http:\/\/ighum.de\/wordpress\/ausbilderin-beate-stohr\/\">Beate St\u00f6hr<\/a>, <a href=\"http:\/\/ighum.de\/wordpress\/ausbilderin-nadja-mundhenke\/\">Nadja Mundhenke<\/a>, <a href=\"http:\/\/ighum.de\/wordpress\/ausbilderin-anette-ruhl\/\">Anette R\u00fchl<\/a>, Sabine Simon<\/p>\n","protected":false},"excerpt":{"rendered":"<p>&nbsp; &nbsp;&nbsp; Orientierungsgruppe Samstags 14:00 &#8211; 15:00 Uhr Samstags, in zwei Gruppen Gruppe 14:00 \u2013 14.45 Uhr Gruppe 14.45 Uhr bis 15.30 Uhr Gruppeneinteilung erfolgt \u00fcber die Ausbilder Unsere Aufgaben in der Orientierungsgruppe sind neben der F\u00f6rderung der Bindung zwischen Hund und Hundef\u00fchrer, die Regeln f\u00fcr das Zusammenleben und die Bed\u00fcrfnisse des Hundes zur Grundlage der Erziehung zu machen. Um sich dem Hund, in einer f\u00fcr ihn verst\u00e4ndlichen Weise, vermitteln zu k\u00f6nnen, ist daher ein fundiertes Wissen \u00fcber das Wesen des Hundes, seine grundlegenden Bed\u00fcrfnisse und seines hochentwickelten Kommunikationssystems erforderlich. Dieses Ziel wird durch aufmerksamkeitsf\u00f6rdernde \u00dcbungen (Fu\u00df gehen, arbeiten in Formationen, Abrufen mit und ohne Ablenkung) mit zur Hilfenahme von positiven Verst\u00e4rkern (Leckerli, Spielzeug, verbales Lob) vermittelt. Gleichzeitig \u00fcben wir das Lesen der K\u00f6rpersprache der Hunde, sowie den richtigen Zeitpunkt zu loben oder zu korrigieren. Auch Gehorsamsspiele erfreuen sich wachsender Beliebtheit und f\u00f6rdern jeweils die Aufmerksamkeit von Hund und Hundef\u00fchrer, sowie die schnelle Umsetzung eines Kommandos. So wird dem eventuell bei Hund und Hundef\u00fchrer aufkommenden Stress entgegengewirkt. Die Halter bekommen selbstverst\u00e4ndlich auch theoretisches Wissen zu Fragen bei der weiteren Erziehung, Haltung usw. vermittelt Bevor die Hunde weiter in die Ausbildung gehen, sollten sie schon die ersten H\u00f6rzeichen k\u00f6nnen, sich neutral gegen\u00fcber fremden Menschen, anderen Hunden, Radfahrern und Joggern verhalten und bei Begr\u00fc\u00dfungen nicht Hochspringen. Der Halter sollte im normalen Ton seinen Hund motivieren k\u00f6nnen. Er sollte richtig loben, korrigieren und mit dem Hund spielen k\u00f6nnen, sowie theoretisches Wissen erworben haben, um seinen Hund ruhig und selbstsicher f\u00fchren zu k\u00f6nnen. Dar\u00fcber&#8230;.<\/p>\n","protected":false},"author":10,"featured_media":0,"parent":547,"menu_order":23,"comment_status":"closed","ping_status":"closed","template":"","meta":{"ngg_post_thumbnail":0,"_links_to":"","_links_to_target":""},"_links":{"self":[{"href":"http:\/\/ighum.de\/wordpress\/wp-json\/wp\/v2\/pages\/556"}],"collection":[{"href":"http:\/\/ighum.de\/wordpress\/wp-json\/wp\/v2\/pages"}],"about":[{"href":"http:\/\/ighum.de\/wordpress\/wp-json\/wp\/v2\/types\/page"}],"author":[{"embeddable":true,"href":"http:\/\/ighum.de\/wordpress\/wp-json\/wp\/v2\/users\/10"}],"replies":[{"embeddable":true,"href":"http:\/\/ighum.de\/wordpress\/wp-json\/wp\/v2\/comments?post=556"}],"version-history":[{"count":10,"href":"http:\/\/ighum.de\/wordpress\/wp-json\/wp\/v2\/pages\/556\/revisions"}],"predecessor-version":[{"id":1490,"href":"http:\/\/ighum.de\/wordpress\/wp-json\/wp\/v2\/pages\/556\/revisions\/1490"}],"up":[{"embeddable":true,"href":"http:\/\/ighum.de\/wordpress\/wp-json\/wp\/v2\/pages\/547"}],"wp:attachment":[{"href":"http:\/\/ighum.de\/wordpress\/wp-json\/wp\/v2\/media?parent=556"}],"curies":[{"name":"wp","href":"https:\/\/api.w.org\/{rel}","templated":true}]}}