{"id":553,"date":"2013-07-17T11:52:30","date_gmt":"2013-07-17T09:52:30","guid":{"rendered":"http:\/\/ighum.de\/wordpress\/?page_id=553"},"modified":"2024-04-17T12:59:28","modified_gmt":"2024-04-17T10:59:28","slug":"juhu","status":"publish","type":"page","link":"http:\/\/ighum.de\/wordpress\/angebote\/juhu\/","title":{"rendered":"Junghundstunde"},"content":{"rendered":"<p align=\"center\"><img decoding=\"async\" loading=\"lazy\" src=\"http:\/\/ighum.de\/wordpress\/wp-content\/uploads\/2013\/07\/juhu01.jpg\" alt=\"Junghundstunde\" width=\"150\" height=\"120\">&nbsp;&nbsp; <img decoding=\"async\" loading=\"lazy\" src=\"http:\/\/ighum.de\/wordpress\/wp-content\/uploads\/2013\/07\/juhu02.jpg\" alt=\"Junghundstunde\" width=\"150\" height=\"120\"> &nbsp; <img decoding=\"async\" loading=\"lazy\" src=\"http:\/\/ighum.de\/wordpress\/wp-content\/uploads\/2013\/07\/juhu03.jpg\" alt=\"Junghundstunde\" width=\"150\" height=\"120\"><\/p>\n<h3 style=\"text-align: center;\">Junghundstunde<\/h3>\n<h4 style=\"text-align: center;\">Samstags von 15:00 Uhr bis 16:00 Uhr<\/h4>\n<p style=\"text-align: left;\">Nach der Welpenzeit kommt die &#8222;Flegelphase&#8220;. Der heranwachsende Hund erkundet selbstbewusster seine Umwelt und baut zunehmend auf den Erfahrungen auf, die er in seinem bisherigen Leben gemacht hat. Er sucht seinen Platz im Familiengef\u00fcge und zeigt dies mehr oder weniger deutlich&#8230;<\/p>\n<p>Oft ist es unbewusst der Hundehalter selbst, der den Hund in dieser Phase nicht ausreichend Stabilit\u00e4t und Verl\u00e4sslichkeit bietet. So st\u00f6rt es auf einmal wenn der heranwachsende Junghund jederman st\u00fcrmisch begr\u00fcsst oder der als so angenehm erlebte &#8222;Folgetrieb&#8220; des Welpen verschwindet und der junge Hund seine Umwelt auf eigene Faust erkundet. Auch Hundebegegnungen laufen mit zunehmenden Heranwachsen der Vierbeiner nicht mehr immer positiv ab. Zu guter Letzt st\u00f6rt nun auch das Leine ziehen, was doch beim Welpen f\u00fcr den Hundehalter noch gar kein Problem dargestellt hat&#8230; Und pl\u00f6tzlich soll Erziehung her.<\/p>\n<p>In der Zeit der &#8222;vierbeinigen Pupert\u00e4t&#8220; ist das Ziehen klarer und fairer Grenzen f\u00fcr Hund und Mensch unerl\u00e4sslich, wobei der Spa\u00df mit dem Vierbeiner nicht zu kurz kommen sollte. Gleichzeitig ist wichtig, die Hundehalter daf\u00fcr zu sensibilisieren, was in der Junghundegedankenwelt vor sich geht. Das Vermitteln theoretischer Inhalte steht genauso im Fokus wie praktische \u00dcbungen und begleitetes Spielen der Hunde. Hierbei wird gezielt Wert darauf gelegt, die K\u00f6rpersprache der Tiere zu lesen und nach Bedarf einzugreifen.<\/p>\n<p><em>Ausbilder: <\/em><a title=\"Ausbilderin: Daniela Schweer\" href=\"http:\/\/ighum.de\/wordpress\/ausbilderin-daniela-schweer\/\">Daniela Schweer<\/a>, <a href=\"http:\/\/ighum.de\/wordpress\/ausbilderin-nadja-mundhenke\/\">Nadja Mundhenke<\/a><\/p>\n","protected":false},"excerpt":{"rendered":"<p>&nbsp;&nbsp; &nbsp; Junghundstunde Samstags von 15:00 Uhr bis 16:00 Uhr Nach der Welpenzeit kommt die &#8222;Flegelphase&#8220;. Der heranwachsende Hund erkundet selbstbewusster seine Umwelt und baut zunehmend auf den Erfahrungen auf, die er in seinem bisherigen Leben gemacht hat. Er sucht seinen Platz im Familiengef\u00fcge und zeigt dies mehr oder weniger deutlich&#8230; Oft ist es unbewusst der Hundehalter selbst, der den Hund in dieser Phase nicht ausreichend Stabilit\u00e4t und Verl\u00e4sslichkeit bietet. So st\u00f6rt es auf einmal wenn der heranwachsende Junghund jederman st\u00fcrmisch begr\u00fcsst oder der als so angenehm erlebte &#8222;Folgetrieb&#8220; des Welpen verschwindet und der junge Hund seine Umwelt auf eigene Faust erkundet. Auch Hundebegegnungen laufen mit zunehmenden Heranwachsen der Vierbeiner nicht mehr immer positiv ab. Zu guter Letzt st\u00f6rt nun auch das Leine ziehen, was doch beim Welpen f\u00fcr den Hundehalter noch gar kein Problem dargestellt hat&#8230; Und pl\u00f6tzlich soll Erziehung her. In der Zeit der &#8222;vierbeinigen Pupert\u00e4t&#8220; ist das Ziehen klarer und fairer Grenzen f\u00fcr Hund und Mensch unerl\u00e4sslich, wobei der Spa\u00df mit dem Vierbeiner nicht zu kurz kommen sollte. Gleichzeitig ist wichtig, die Hundehalter daf\u00fcr zu sensibilisieren, was in der Junghundegedankenwelt vor sich geht. Das Vermitteln theoretischer Inhalte steht genauso im Fokus wie praktische \u00dcbungen und begleitetes Spielen der Hunde. Hierbei wird gezielt Wert darauf gelegt, die K\u00f6rpersprache der Tiere zu lesen und nach Bedarf einzugreifen. Ausbilder: Daniela Schweer, Nadja Mundhenke<\/p>\n","protected":false},"author":10,"featured_media":0,"parent":547,"menu_order":23,"comment_status":"closed","ping_status":"closed","template":"","meta":{"ngg_post_thumbnail":0,"_links_to":"","_links_to_target":""},"_links":{"self":[{"href":"http:\/\/ighum.de\/wordpress\/wp-json\/wp\/v2\/pages\/553"}],"collection":[{"href":"http:\/\/ighum.de\/wordpress\/wp-json\/wp\/v2\/pages"}],"about":[{"href":"http:\/\/ighum.de\/wordpress\/wp-json\/wp\/v2\/types\/page"}],"author":[{"embeddable":true,"href":"http:\/\/ighum.de\/wordpress\/wp-json\/wp\/v2\/users\/10"}],"replies":[{"embeddable":true,"href":"http:\/\/ighum.de\/wordpress\/wp-json\/wp\/v2\/comments?post=553"}],"version-history":[{"count":15,"href":"http:\/\/ighum.de\/wordpress\/wp-json\/wp\/v2\/pages\/553\/revisions"}],"predecessor-version":[{"id":1489,"href":"http:\/\/ighum.de\/wordpress\/wp-json\/wp\/v2\/pages\/553\/revisions\/1489"}],"up":[{"embeddable":true,"href":"http:\/\/ighum.de\/wordpress\/wp-json\/wp\/v2\/pages\/547"}],"wp:attachment":[{"href":"http:\/\/ighum.de\/wordpress\/wp-json\/wp\/v2\/media?parent=553"}],"curies":[{"name":"wp","href":"https:\/\/api.w.org\/{rel}","templated":true}]}}