{"id":550,"date":"2013-07-17T11:52:09","date_gmt":"2013-07-17T09:52:09","guid":{"rendered":"http:\/\/ighum.de\/wordpress\/?page_id=550"},"modified":"2024-04-17T12:58:47","modified_gmt":"2024-04-17T10:58:47","slug":"welpen","status":"publish","type":"page","link":"http:\/\/ighum.de\/wordpress\/angebote\/welpen\/","title":{"rendered":"Welpenstunde"},"content":{"rendered":"<p style=\"text-align: center;\"><img decoding=\"async\" loading=\"lazy\" src=\"http:\/\/ighum.de\/wordpress\/wp-content\/uploads\/2013\/08\/welpen03.jpg\" alt=\"Welpenstunde\" width=\"150\" height=\"120\">&nbsp;&nbsp; <img decoding=\"async\" loading=\"lazy\" src=\"http:\/\/ighum.de\/wordpress\/wp-content\/uploads\/2013\/08\/welpen02.jpg\" alt=\"Welpenstunde\" width=\"150\" height=\"120\"> &nbsp; <img decoding=\"async\" loading=\"lazy\" src=\"http:\/\/ighum.de\/wordpress\/wp-content\/uploads\/2013\/08\/welpen01.jpg\" alt=\"Welpenstunde\" width=\"150\" height=\"120\"><\/p>\n<h3 style=\"text-align: center;\">Welpenstunde<\/h3>\n<h4 style=\"text-align: center;\">Samstags von 14:00 Uhr bis 15:00 Uhr auf unserem Vereinsgel\u00e4nde<\/h4>\n<p>Bereits vom ersten Tag an sollte das neue vierbeinige Familienmitglied die Gepflogenheiten des gemeinsamen Zusammenlebens kennenlernen, um sp\u00e4ter ein Hundeleben mit dem Maximum an Freiheiten f\u00fchren zu k\u00f6nnen. Dem jungen Hund gewisse Richtlinien erst sp\u00e4ter zu pr\u00e4sentieren sorgt f\u00fcr unn\u00f6tigen Stress bei Hund und Halter.<\/p>\n<p>F\u00fcr die j\u00fcngsten Vierbeiner bieten wir die Welpenstunde an. Hund und Mensch erwartet hier ein abwechslungsreiches Programm aus Theorie und Praxis, immer unterbrochen von Spieleinheiten, in denen der kleine Hund gemeinsam mit Artgenossen toben, spielen und sich ausprobieren kann. Spielerisch lernt er zusammen mit seinem Mensch auch ungew\u00f6hnliche Aufgaben zu meistern, zum Beispiel das Begehen einer Wackelbr\u00fccke oder die Suche nach dem Leckerchen in einer Zeitungskiste \u2026<\/p>\n<p>Eine solide Basis aus Vertrauen und Verl\u00e4sslichkeit f\u00fcr den jungen Hund zu schaffen ist Grundvoraussetzung f\u00fcr die ersten Schritte in Richtung \u201eErziehung\u201c, gerne zeigen wir auf wie das gelingen kann. Praktische Ans\u00e4tze zum Erlernen der g\u00e4ngigen Grundkommandos werden individuell vermittelt und in der Gruppenstunde ausprobiert. F\u00fcr Ihre Fragen zu Erziehung, Ern\u00e4hrung, Haltung, Pflege und sonstige Belange rund um den Hund haben wir ein offenes Ohr und beantworten Ihre Fragen gern.<\/p>\n<p><em>Ausbilder: <\/em><a href=\"http:\/\/ighum.de\/wordpress\/ausbilderin-baerbel-kuehne\/\">B\u00e4rbel K\u00fchne<\/a><\/p>\n","protected":false},"excerpt":{"rendered":"<p>&nbsp;&nbsp; &nbsp; Welpenstunde Samstags von 14:00 Uhr bis 15:00 Uhr auf unserem Vereinsgel\u00e4nde Bereits vom ersten Tag an sollte das neue vierbeinige Familienmitglied die Gepflogenheiten des gemeinsamen Zusammenlebens kennenlernen, um sp\u00e4ter ein Hundeleben mit dem Maximum an Freiheiten f\u00fchren zu k\u00f6nnen. Dem jungen Hund gewisse Richtlinien erst sp\u00e4ter zu pr\u00e4sentieren sorgt f\u00fcr unn\u00f6tigen Stress bei Hund und Halter. F\u00fcr die j\u00fcngsten Vierbeiner bieten wir die Welpenstunde an. Hund und Mensch erwartet hier ein abwechslungsreiches Programm aus Theorie und Praxis, immer unterbrochen von Spieleinheiten, in denen der kleine Hund gemeinsam mit Artgenossen toben, spielen und sich ausprobieren kann. Spielerisch lernt er zusammen mit seinem Mensch auch ungew\u00f6hnliche Aufgaben zu meistern, zum Beispiel das Begehen einer Wackelbr\u00fccke oder die Suche nach dem Leckerchen in einer Zeitungskiste \u2026 Eine solide Basis aus Vertrauen und Verl\u00e4sslichkeit f\u00fcr den jungen Hund zu schaffen ist Grundvoraussetzung f\u00fcr die ersten Schritte in Richtung \u201eErziehung\u201c, gerne zeigen wir auf wie das gelingen kann. Praktische Ans\u00e4tze zum Erlernen der g\u00e4ngigen Grundkommandos werden individuell vermittelt und in der Gruppenstunde ausprobiert. F\u00fcr Ihre Fragen zu Erziehung, Ern\u00e4hrung, Haltung, Pflege und sonstige Belange rund um den Hund haben wir ein offenes Ohr und beantworten Ihre Fragen gern. Ausbilder: B\u00e4rbel K\u00fchne<\/p>\n","protected":false},"author":10,"featured_media":0,"parent":547,"menu_order":22,"comment_status":"closed","ping_status":"closed","template":"","meta":{"ngg_post_thumbnail":0,"_links_to":"","_links_to_target":""},"_links":{"self":[{"href":"http:\/\/ighum.de\/wordpress\/wp-json\/wp\/v2\/pages\/550"}],"collection":[{"href":"http:\/\/ighum.de\/wordpress\/wp-json\/wp\/v2\/pages"}],"about":[{"href":"http:\/\/ighum.de\/wordpress\/wp-json\/wp\/v2\/types\/page"}],"author":[{"embeddable":true,"href":"http:\/\/ighum.de\/wordpress\/wp-json\/wp\/v2\/users\/10"}],"replies":[{"embeddable":true,"href":"http:\/\/ighum.de\/wordpress\/wp-json\/wp\/v2\/comments?post=550"}],"version-history":[{"count":15,"href":"http:\/\/ighum.de\/wordpress\/wp-json\/wp\/v2\/pages\/550\/revisions"}],"predecessor-version":[{"id":1488,"href":"http:\/\/ighum.de\/wordpress\/wp-json\/wp\/v2\/pages\/550\/revisions\/1488"}],"up":[{"embeddable":true,"href":"http:\/\/ighum.de\/wordpress\/wp-json\/wp\/v2\/pages\/547"}],"wp:attachment":[{"href":"http:\/\/ighum.de\/wordpress\/wp-json\/wp\/v2\/media?parent=550"}],"curies":[{"name":"wp","href":"https:\/\/api.w.org\/{rel}","templated":true}]}}