{"id":538,"date":"2013-07-17T11:50:32","date_gmt":"2013-07-17T09:50:32","guid":{"rendered":"http:\/\/ighum.de\/wordpress\/?page_id=538"},"modified":"2013-08-05T11:26:56","modified_gmt":"2013-08-05T09:26:56","slug":"vereinsgeschichte","status":"publish","type":"page","link":"http:\/\/ighum.de\/wordpress\/der-verein\/vereinsgeschichte\/","title":{"rendered":"Vereinsgeschichte"},"content":{"rendered":"<p align=\"center\"><img decoding=\"async\" loading=\"lazy\" class=\"alignnone size-full wp-image-743\" alt=\"Vereinsgeschichte\" src=\"http:\/\/ighum.de\/wordpress\/wp-content\/uploads\/2013\/08\/history.png\" width=\"500\" height=\"120\" srcset=\"http:\/\/ighum.de\/wordpress\/wp-content\/uploads\/2013\/08\/history.png 500w, http:\/\/ighum.de\/wordpress\/wp-content\/uploads\/2013\/08\/history-300x72.png 300w\" sizes=\"(max-width: 500px) 100vw, 500px\" \/><\/p>\n<p>Seit 1994 geht es bei der IG Hund und Mensch rund um den Hund. Gegr\u00fcndet aus dem Interesse einiger Hundefreunde in der Ausbildung und Erziehung ihrer vierbeinigen Familienmitglieder neue Wege zu gehen und damals g\u00e4ngige Ausbildungsmethoden in Frage zu stellen, formierte sich der Verein mit 40 Gr\u00fcndungsmitgliedern im Juli 1994. Im Unterschied zu bereits bestehenden Hundevereinen lehnten die Verantwortlichen per Satzung eine Ausbildung Ihrer Hunde auf \u201eAngriff und Sch\u00e4rfe\u201c ebenso wie eine Jagdausbildung entschieden ab. Zweck des Vereines ist die F\u00f6rderung des \u201egute Benehmens\u201c von Vierbeinern, aber auch ihrer Halter, um auf diese Weise die Akzeptanz des \u201ePartners auf vier Pfoten\u201c in der Gesellschaft zu f\u00f6rdern.<br \/>\nZwei Jahre nach Gr\u00fcndung hatte die Suche nach einem Grundst\u00fcck endlich Erfolg. Seit 1996 findet der interessierte Hundefreund am Sandborn in Froschhausen ein hundegerechtes Vereinsgel\u00e4nde, welches verschiedene \u00dcbungspl\u00e4tze und seit Jahren auch ein gem\u00fctliches Vereinsheim bietet.<br \/>\nAus einem w\u00f6chentlichen Treffen gleichgesinnter Hundefreunde entwickelte sich im Laufe der Jahre ein wohldurchdachtes Vereinsprogramm. Hundebesitzer k\u00f6nnen von der Welpenstunde bis zur Begleithundeausbildung verschiedene Stationen durchlaufen. Ziel unserer Ausbildung ist der &#8222;alltagstaugliche&#8220; Begleithund, der sich sowohl unter Artgenossen, als auch in menschlicher Gesellschaft zu benehmen wei\u00df.<br \/>\nEntgegen g\u00e4ngiger Hundepr\u00fcfungen findet die Pr\u00fcfung der IG Hund und Mensch zum familientauglichen Begleithund nicht auf dem Hundeplatz statt, sondern im Altstadtgebiet Seligenstadt, wo das Zusammenspiel des einzelnen Hund-Mensch-Teams in Alltagssituationen gepr\u00fcft wird.<br \/>\nUnd auch nach erfolgreicher Ausbildung ist daf\u00fcr gesorgt, dass Zwei- und Vierbeiner sinnvoll besch\u00e4ftigt werden. So findet auf dem Platz Trickdogging (Erlernen von verschiedenen Kunstst\u00fccken), Formationsgruppe (Unterordnung f\u00fcr Fortgeschrittene) und Agility (Eine rasante, anspruchsvolle Hundesportart aus England) statt. Au\u00dferdem bietet der Verein in regelm\u00e4\u00dfigen Abst\u00e4nden Fachseminare von externen Referenten an, l\u00e4dt zum Stammtisch und zum Wandern ein.<br \/>\nZur F\u00f6rderung des Sozialverhaltens der Hunde untereinander gibt es des weiteren ein samst\u00e4gliches Freilaufangebot. In der sogenannten Sozialstunde k\u00f6nnen die Vierbeiner ungezwungen miteinander rumtollen und sich beim Spiel mit Artgenossen austoben.<br \/>\nGem\u00e4\u00df des Vereinsgedanken, die Akzeptanz der Hunde in der Gesellschaft zu f\u00f6rdern, besuchen Mitglieder der IG Hund und Mensch mit ihren Vierbeinern Kinderg\u00e4rten, Schulen und Seniorenheime. Ebenfalls werden Schulklassen auf das Vereinsgel\u00e4nde eingeladen, wo die Sch\u00fcler \u00fcber den Kontakt zum Hund eigene \u00c4ngste abbauen k\u00f6nnen und gemeinsam mit den Vierbeiner Spa\u00df haben k\u00f6nnen.<br \/>\nIm Laufe der Jahre entwickelte sich aus dem kleinen Kreis Hundefreunde ein Verein mit vielen Mitgliedern.<\/p>\n<p>Wir freuen uns mit unserem Engagement einen Beitrag zum Verst\u00e4ndnis zwischen Hund und Mensch zu leisten und den Hundebesitzern einen nachhaltigen Impuls zum Miteinander mit Ihrem Vierbeiner geben zu k\u00f6nnen.<\/p>\n<p>Besuchen Sie uns doch einmal auf unserem allj\u00e4hrlichen Sommerfest. Wir freuen uns auf Sie und ihre Vierbeiner.<\/p>\n","protected":false},"excerpt":{"rendered":"<p>Seit 1994 geht es bei der IG Hund und Mensch rund um den Hund. Gegr\u00fcndet aus dem Interesse einiger Hundefreunde in der Ausbildung und Erziehung ihrer vierbeinigen Familienmitglieder neue Wege zu gehen und damals g\u00e4ngige Ausbildungsmethoden in Frage zu stellen, formierte sich der Verein mit 40 Gr\u00fcndungsmitgliedern im Juli 1994. Im Unterschied zu bereits bestehenden Hundevereinen lehnten die Verantwortlichen per Satzung eine Ausbildung Ihrer Hunde auf \u201eAngriff und Sch\u00e4rfe\u201c ebenso wie eine Jagdausbildung entschieden ab. Zweck des Vereines ist die F\u00f6rderung des \u201egute Benehmens\u201c von Vierbeinern, aber auch ihrer Halter, um auf diese Weise die Akzeptanz des \u201ePartners auf vier Pfoten\u201c in der Gesellschaft zu f\u00f6rdern. Zwei Jahre nach Gr\u00fcndung hatte die Suche nach einem Grundst\u00fcck endlich Erfolg. Seit 1996 findet der interessierte Hundefreund am Sandborn in Froschhausen ein hundegerechtes Vereinsgel\u00e4nde, welches verschiedene \u00dcbungspl\u00e4tze und seit Jahren auch ein gem\u00fctliches Vereinsheim bietet. Aus einem w\u00f6chentlichen Treffen gleichgesinnter Hundefreunde entwickelte sich im Laufe der Jahre ein wohldurchdachtes Vereinsprogramm. Hundebesitzer k\u00f6nnen von der Welpenstunde bis zur Begleithundeausbildung verschiedene Stationen durchlaufen. Ziel unserer Ausbildung ist der &#8222;alltagstaugliche&#8220; Begleithund, der sich sowohl unter Artgenossen, als auch in menschlicher Gesellschaft zu benehmen wei\u00df. Entgegen g\u00e4ngiger Hundepr\u00fcfungen findet die Pr\u00fcfung der IG Hund und Mensch zum familientauglichen Begleithund nicht auf dem Hundeplatz statt, sondern im Altstadtgebiet Seligenstadt, wo das Zusammenspiel des einzelnen Hund-Mensch-Teams in Alltagssituationen gepr\u00fcft wird. Und auch nach erfolgreicher Ausbildung ist daf\u00fcr gesorgt, dass Zwei- und Vierbeiner sinnvoll besch\u00e4ftigt werden. So findet auf dem Platz Trickdogging (Erlernen von verschiedenen Kunstst\u00fccken), Formationsgruppe (Unterordnung f\u00fcr Fortgeschrittene)&#8230;.<\/p>\n","protected":false},"author":10,"featured_media":0,"parent":530,"menu_order":12,"comment_status":"closed","ping_status":"closed","template":"","meta":{"ngg_post_thumbnail":0,"_links_to":"","_links_to_target":""},"_links":{"self":[{"href":"http:\/\/ighum.de\/wordpress\/wp-json\/wp\/v2\/pages\/538"}],"collection":[{"href":"http:\/\/ighum.de\/wordpress\/wp-json\/wp\/v2\/pages"}],"about":[{"href":"http:\/\/ighum.de\/wordpress\/wp-json\/wp\/v2\/types\/page"}],"author":[{"embeddable":true,"href":"http:\/\/ighum.de\/wordpress\/wp-json\/wp\/v2\/users\/10"}],"replies":[{"embeddable":true,"href":"http:\/\/ighum.de\/wordpress\/wp-json\/wp\/v2\/comments?post=538"}],"version-history":[{"count":5,"href":"http:\/\/ighum.de\/wordpress\/wp-json\/wp\/v2\/pages\/538\/revisions"}],"predecessor-version":[{"id":761,"href":"http:\/\/ighum.de\/wordpress\/wp-json\/wp\/v2\/pages\/538\/revisions\/761"}],"up":[{"embeddable":true,"href":"http:\/\/ighum.de\/wordpress\/wp-json\/wp\/v2\/pages\/530"}],"wp:attachment":[{"href":"http:\/\/ighum.de\/wordpress\/wp-json\/wp\/v2\/media?parent=538"}],"curies":[{"name":"wp","href":"https:\/\/api.w.org\/{rel}","templated":true}]}}